{"id":12591,"date":"2022-06-27T14:43:18","date_gmt":"2022-06-27T14:43:18","guid":{"rendered":"https:\/\/cipu.org.uy\/web\/?page_id=12591"},"modified":"2022-06-27T14:43:18","modified_gmt":"2022-06-27T14:43:18","slug":"registro","status":"publish","type":"page","link":"https:\/\/cipu.org.uy\/web\/registro\/","title":{"rendered":"Registro"},"content":{"rendered":"<div id=\"wpmem_reg\"><a id=\"register\"><\/a><form name=\"form\" method=\"post\" action=\"https:\/\/cipu.org.uy\/web\/registro\/\" id=\"wpmem_register_form\" class=\"form\"><input type=\"hidden\" id=\"_wpmem_register_nonce\" name=\"_wpmem_register_nonce\" value=\"4f816d5aea\" \/><input type=\"hidden\" name=\"_wp_http_referer\" value=\"\/web\/wp-json\/wp\/v2\/pages\/12591\" \/><fieldset><legend>Registro de un nuevo usuario<\/legend><label for=\"username\" class=\"text\">Elige un nombre de usuario<span class=\"req\">*<\/span><\/label><div class=\"div_text\"><input name=\"username\" type=\"text\" id=\"username\" value=\"\" class=\"textbox\" required  \/><\/div><label for=\"first_name\" class=\"text\">Nombre<span class=\"req\">*<\/span><\/label><div class=\"div_text\"><input name=\"first_name\" type=\"text\" id=\"first_name\" value=\"\" class=\"textbox\" required  \/><\/div><label for=\"last_name\" class=\"text\">Apellidos<span class=\"req\">*<\/span><\/label><div class=\"div_text\"><input name=\"last_name\" type=\"text\" id=\"last_name\" value=\"\" class=\"textbox\" required  \/><\/div><label for=\"ok\" class=\"text\">Raz\u00f3n Social y Rut<span class=\"req\">*<\/span><\/label><div class=\"div_text\"><input name=\"ok\" type=\"text\" id=\"ok\" value=\"\" class=\"textbox\" required  \/><\/div><label for=\"addr1\" class=\"text\">Direcci\u00f3n 1<span class=\"req\">*<\/span><\/label><div class=\"div_text\"><input name=\"addr1\" type=\"text\" id=\"addr1\" value=\"\" class=\"textbox\" required  \/><\/div><label for=\"city\" class=\"text\">Ciudad<span class=\"req\">*<\/span><\/label><div class=\"div_text\"><input name=\"city\" type=\"text\" id=\"city\" value=\"\" class=\"textbox\" required  \/><\/div><label for=\"user_email\" class=\"text\">Correo electr\u00f3nico<span class=\"req\">*<\/span><\/label><div class=\"div_text\"><input name=\"user_email\" type=\"email\" id=\"user_email\" value=\"\" class=\"textbox\" required  \/><\/div><label for=\"password\" class=\"text\">Contrase\u00f1a<span class=\"req\">*<\/span><\/label><div class=\"div_text\"><input name=\"password\" type=\"password\" id=\"password\" class=\"textbox\" required  \/><\/div><label for=\"confirm_password\" class=\"text\">Confirmar contrase\u00f1a<span class=\"req\">*<\/span><\/label><div class=\"div_text\"><input name=\"confirm_password\" type=\"password\" id=\"confirm_password\" class=\"textbox\" required  \/><\/div><script src=\"https:\/\/www.google.com\/recaptcha\/api.js?render=6Le_PK0gAAAAACLvTewUytjn1Xc5ZfVNqSuf9Zj4\"><\/script><script>grecaptcha.ready(function () {grecaptcha.execute('6Le_PK0gAAAAACLvTewUytjn1Xc5ZfVNqSuf9Zj4', { action: 'contact' }).then(function (token) {var recaptchaResponse = document.getElementById('recaptchaResponse');recaptchaResponse.value = token;});});<\/script><input type=\"hidden\" name=\"recaptcha_response\" id=\"recaptchaResponse\"><input name=\"a\" type=\"hidden\" value=\"register\" \/><input name=\"wpmem_reg_page\" type=\"hidden\" value=\"https:\/\/cipu.org.uy\/web\/registro\/\" \/><div class=\"button_div\"><input name=\"submit\" type=\"submit\" value=\"Registro\" class=\"buttons\" \/><\/div><div class=\"req-text\"><span class=\"req\">*<\/span>Campo necesario<\/div><\/fieldset><\/form><\/div>\n","protected":false},"excerpt":{"rendered":"Registro de un nuevo usuarioElige un nombre de usuario*Nombre*Apellidos*Raz\u00f3n Social y Rut*Direcci\u00f3n 1*Ciudad*Correo electr\u00f3nico*Contrase\u00f1a*Confirmar contrase\u00f1a**Campo necesario","protected":false},"author":1,"featured_media":0,"parent":0,"menu_order":0,"comment_status":"closed","ping_status":"closed","template":"","meta":{"ngg_post_thumbnail":0,"footnotes":""},"class_list":["post-12591","page","type-page","status-publish","hentry"],"_links":{"self":[{"href":"https:\/\/cipu.org.uy\/web\/wp-json\/wp\/v2\/pages\/12591","targetHints":{"allow":["GET"]}}],"collection":[{"href":"https:\/\/cipu.org.uy\/web\/wp-json\/wp\/v2\/pages"}],"about":[{"href":"https:\/\/cipu.org.uy\/web\/wp-json\/wp\/v2\/types\/page"}],"author":[{"embeddable":true,"href":"https:\/\/cipu.org.uy\/web\/wp-json\/wp\/v2\/users\/1"}],"replies":[{"embeddable":true,"href":"https:\/\/cipu.org.uy\/web\/wp-json\/wp\/v2\/comments?post=12591"}],"version-history":[{"count":1,"href":"https:\/\/cipu.org.uy\/web\/wp-json\/wp\/v2\/pages\/12591\/revisions"}],"predecessor-version":[{"id":12592,"href":"https:\/\/cipu.org.uy\/web\/wp-json\/wp\/v2\/pages\/12591\/revisions\/12592"}],"wp:attachment":[{"href":"https:\/\/cipu.org.uy\/web\/wp-json\/wp\/v2\/media?parent=12591"}],"curies":[{"name":"wp","href":"https:\/\/api.w.org\/{rel}","templated":true}]}}